{"id":5046,"date":"2026-05-09T15:36:42","date_gmt":"2026-05-09T20:36:42","guid":{"rendered":"https:\/\/egassist.com\/terminos-de-uso\/"},"modified":"2026-05-10T06:52:37","modified_gmt":"2026-05-10T11:52:37","slug":"terminos-de-uso","status":"publish","type":"page","link":"https:\/\/egassist.com\/es\/terminos-de-uso\/","title":{"rendered":"T\u00e9rminos de Uso"},"content":{"rendered":"<p>El sitio web ubicado en https:\/\/egassist.com\/ (en adelante, el \u00abSitio\u00bb) es operado y es propiedad exclusiva de EGASSIST, LLC, una sociedad de responsabilidad limitada constituida en el Estado de Delaware, Estados Unidos (\u00abCompa\u00f1\u00eda\u00bb, \u00abnosotros\u00bb, \u00abnuestro\u00bb, y \u00abEG ASSIST\u00bb). Al acceder o utilizar el Sitio, as\u00ed como nuestros canales de atenci\u00f3n (incluyendo WhatsApp y correo electr\u00f3nico), usted acepta estos T\u00e9rminos de Uso en su totalidad. Si no est\u00e1 de acuerdo, no debe utilizar nuestros servicios.<\/p>\n","protected":false},"excerpt":{"rendered":"<p>El sitio web ubicado en https:\/\/egassist.com\/ (en adelante, el \u00abSitio\u00bb) es operado y es propiedad exclusiva de EGASSIST, LLC, una sociedad de responsabilidad limitada constituida en el Estado de Delaware, Estados Unidos (\u00abCompa\u00f1\u00eda\u00bb, \u00abnosotros\u00bb, \u00abnuestro\u00bb, y \u00abEG ASSIST\u00bb). Al acceder o utilizar el Sitio, as\u00ed como nuestros canales de atenci\u00f3n (incluyendo WhatsApp y correo electr\u00f3nico), [&hellip;]<\/p>\n","protected":false},"author":1,"featured_media":0,"parent":0,"menu_order":95,"comment_status":"closed","ping_status":"closed","template":"","meta":{"_acf_changed":false,"inline_featured_image":false,"footnotes":""},"class_list":["post-5046","page","type-page","status-publish","hentry"],"acf":[],"yoast_head":"<!-- This site is optimized with the Yoast SEO Premium plugin v27.5 (Yoast SEO v27.5) - https:\/\/yoast.com\/product\/yoast-seo-premium-wordpress\/ -->\n<title>T\u00e9rminos de Uso | EG Assist<\/title>\n<meta name=\"robots\" content=\"index, follow, max-snippet:-1, max-image-preview:large, max-video-preview:-1\" \/>\n<link rel=\"canonical\" href=\"https:\/\/egassist.com\/es\/terminos-de-uso\/\" \/>\n<meta property=\"og:locale\" content=\"es_ES\" \/>\n<meta property=\"og:type\" content=\"article\" \/>\n<meta property=\"og:title\" content=\"T\u00e9rminos de Uso\" \/>\n<meta property=\"og:description\" content=\"El sitio web ubicado en https:\/\/egassist.com\/ (en adelante, el \u00abSitio\u00bb) es operado y es propiedad exclusiva de EGASSIST, LLC, una sociedad de responsabilidad limitada constituida en el Estado de Delaware, Estados Unidos (\u00abCompa\u00f1\u00eda\u00bb, \u00abnosotros\u00bb, \u00abnuestro\u00bb, y \u00abEG ASSIST\u00bb). Al acceder o utilizar el Sitio, as\u00ed como nuestros canales de atenci\u00f3n (incluyendo WhatsApp y correo electr\u00f3nico), [&hellip;]\" \/>\n<meta property=\"og:url\" content=\"https:\/\/egassist.com\/es\/terminos-de-uso\/\" \/>\n<meta property=\"og:site_name\" content=\"EG Assist\" \/>\n<meta property=\"article:publisher\" content=\"https:\/\/www.facebook.com\/expatgroup.co\/\" \/>\n<meta property=\"article:modified_time\" content=\"2026-05-10T11:52:37+00:00\" \/>\n<meta property=\"og:image\" content=\"https:\/\/egassist.com\/wp-content\/uploads\/2025\/12\/EG-Assist.webp\" \/>\n\t<meta property=\"og:image:width\" content=\"996\" \/>\n\t<meta property=\"og:image:height\" content=\"712\" \/>\n\t<meta property=\"og:image:type\" content=\"image\/webp\" \/>\n<meta name=\"twitter:card\" content=\"summary_large_image\" \/>\n<meta name=\"twitter:label1\" content=\"Tiempo de lectura\" \/>\n\t<meta name=\"twitter:data1\" content=\"1 minuto\" \/>\n<script type=\"application\/ld+json\" class=\"yoast-schema-graph\">{\"@context\":\"https:\\\/\\\/schema.org\",\"@graph\":[{\"@type\":\"WebPage\",\"@id\":\"https:\\\/\\\/egassist.com\\\/es\\\/terminos-de-uso\\\/\",\"url\":\"https:\\\/\\\/egassist.com\\\/es\\\/terminos-de-uso\\\/\",\"name\":\"T\u00e9rminos de Uso | EG Assist\",\"isPartOf\":{\"@id\":\"https:\\\/\\\/egassist.com\\\/es\\\/#website\"},\"datePublished\":\"2026-05-09T20:36:42+00:00\",\"dateModified\":\"2026-05-10T11:52:37+00:00\",\"breadcrumb\":{\"@id\":\"https:\\\/\\\/egassist.com\\\/es\\\/terminos-de-uso\\\/#breadcrumb\"},\"inLanguage\":\"es\",\"potentialAction\":[{\"@type\":\"ReadAction\",\"target\":[\"https:\\\/\\\/egassist.com\\\/es\\\/terminos-de-uso\\\/\"]}]},{\"@type\":\"BreadcrumbList\",\"@id\":\"https:\\\/\\\/egassist.com\\\/es\\\/terminos-de-uso\\\/#breadcrumb\",\"itemListElement\":[{\"@type\":\"ListItem\",\"position\":1,\"name\":\"Home\",\"item\":\"https:\\\/\\\/egassist.com\\\/es\\\/\"},{\"@type\":\"ListItem\",\"position\":2,\"name\":\"T\u00e9rminos de Uso\"}]},{\"@type\":\"WebSite\",\"@id\":\"https:\\\/\\\/egassist.com\\\/es\\\/#website\",\"url\":\"https:\\\/\\\/egassist.com\\\/es\\\/\",\"name\":\"EG Assist\",\"description\":\"Health insurance tailored for expats like you\",\"publisher\":{\"@id\":\"https:\\\/\\\/egassist.com\\\/es\\\/#organization\"},\"alternateName\":\"EG\",\"potentialAction\":[{\"@type\":\"SearchAction\",\"target\":{\"@type\":\"EntryPoint\",\"urlTemplate\":\"https:\\\/\\\/egassist.com\\\/es\\\/?s={search_term_string}\"},\"query-input\":{\"@type\":\"PropertyValueSpecification\",\"valueRequired\":true,\"valueName\":\"search_term_string\"}}],\"inLanguage\":\"es\"},{\"@type\":\"Organization\",\"@id\":\"https:\\\/\\\/egassist.com\\\/es\\\/#organization\",\"name\":\"EG Assist\",\"alternateName\":\"EG\",\"url\":\"https:\\\/\\\/egassist.com\\\/es\\\/\",\"logo\":{\"@type\":\"ImageObject\",\"inLanguage\":\"es\",\"@id\":\"https:\\\/\\\/egassist.com\\\/es\\\/#\\\/schema\\\/logo\\\/image\\\/\",\"url\":\"https:\\\/\\\/egassist.com\\\/wp-content\\\/uploads\\\/2025\\\/10\\\/Logo-EG-Assist-Vertical.jpg\",\"contentUrl\":\"https:\\\/\\\/egassist.com\\\/wp-content\\\/uploads\\\/2025\\\/10\\\/Logo-EG-Assist-Vertical.jpg\",\"width\":850,\"height\":410,\"caption\":\"EG Assist\"},\"image\":{\"@id\":\"https:\\\/\\\/egassist.com\\\/es\\\/#\\\/schema\\\/logo\\\/image\\\/\"},\"sameAs\":[\"https:\\\/\\\/www.facebook.com\\\/expatgroup.co\\\/\",\"https:\\\/\\\/www.instagram.com\\\/expatgroupco\\\/\",\"https:\\\/\\\/www.linkedin.com\\\/company\\\/expatgroupco\",\"https:\\\/\\\/www.youtube.com\\\/channel\\\/UC1S8eOLd8vXak8MGvxG15lg\"],\"description\":\"EG Insurance offers comprehensive, visa-compliant health coverage designed for your life in Colombia. We provide the market's best coverage-to-price ratio, with flexible subscription options and customizable add-ons to perfectly match your needs. Discover the benefits of being protected by the best.\",\"email\":\"insurance@expatgroup.co\",\"telephone\":\"+19547993692\",\"legalName\":\"Expatgroup.co LLC\",\"foundingDate\":\"2018-01-08\",\"numberOfEmployees\":{\"@type\":\"QuantitativeValue\",\"minValue\":\"11\",\"maxValue\":\"50\"}}]}<\/script>\n<!-- \/ Yoast SEO Premium plugin. -->","yoast_head_json":{"title":"T\u00e9rminos de Uso | EG Assist","robots":{"index":"index","follow":"follow","max-snippet":"max-snippet:-1","max-image-preview":"max-image-preview:large","max-video-preview":"max-video-preview:-1"},"canonical":"https:\/\/egassist.com\/es\/terminos-de-uso\/","og_locale":"es_ES","og_type":"article","og_title":"T\u00e9rminos de Uso","og_description":"El sitio web ubicado en https:\/\/egassist.com\/ (en adelante, el \u00abSitio\u00bb) es operado y es propiedad exclusiva de EGASSIST, LLC, una sociedad de responsabilidad limitada constituida en el Estado de Delaware, Estados Unidos (\u00abCompa\u00f1\u00eda\u00bb, \u00abnosotros\u00bb, \u00abnuestro\u00bb, y \u00abEG ASSIST\u00bb). Al acceder o utilizar el Sitio, as\u00ed como nuestros canales de atenci\u00f3n (incluyendo WhatsApp y correo electr\u00f3nico), [&hellip;]","og_url":"https:\/\/egassist.com\/es\/terminos-de-uso\/","og_site_name":"EG Assist","article_publisher":"https:\/\/www.facebook.com\/expatgroup.co\/","article_modified_time":"2026-05-10T11:52:37+00:00","og_image":[{"width":996,"height":712,"url":"https:\/\/egassist.com\/wp-content\/uploads\/2025\/12\/EG-Assist.webp","type":"image\/webp"}],"twitter_card":"summary_large_image","twitter_misc":{"Tiempo de lectura":"1 minuto"},"schema":{"@context":"https:\/\/schema.org","@graph":[{"@type":"WebPage","@id":"https:\/\/egassist.com\/es\/terminos-de-uso\/","url":"https:\/\/egassist.com\/es\/terminos-de-uso\/","name":"T\u00e9rminos de Uso | EG Assist","isPartOf":{"@id":"https:\/\/egassist.com\/es\/#website"},"datePublished":"2026-05-09T20:36:42+00:00","dateModified":"2026-05-10T11:52:37+00:00","breadcrumb":{"@id":"https:\/\/egassist.com\/es\/terminos-de-uso\/#breadcrumb"},"inLanguage":"es","potentialAction":[{"@type":"ReadAction","target":["https:\/\/egassist.com\/es\/terminos-de-uso\/"]}]},{"@type":"BreadcrumbList","@id":"https:\/\/egassist.com\/es\/terminos-de-uso\/#breadcrumb","itemListElement":[{"@type":"ListItem","position":1,"name":"Home","item":"https:\/\/egassist.com\/es\/"},{"@type":"ListItem","position":2,"name":"T\u00e9rminos de Uso"}]},{"@type":"WebSite","@id":"https:\/\/egassist.com\/es\/#website","url":"https:\/\/egassist.com\/es\/","name":"EG Assist","description":"Health insurance tailored for expats like you","publisher":{"@id":"https:\/\/egassist.com\/es\/#organization"},"alternateName":"EG","potentialAction":[{"@type":"SearchAction","target":{"@type":"EntryPoint","urlTemplate":"https:\/\/egassist.com\/es\/?s={search_term_string}"},"query-input":{"@type":"PropertyValueSpecification","valueRequired":true,"valueName":"search_term_string"}}],"inLanguage":"es"},{"@type":"Organization","@id":"https:\/\/egassist.com\/es\/#organization","name":"EG Assist","alternateName":"EG","url":"https:\/\/egassist.com\/es\/","logo":{"@type":"ImageObject","inLanguage":"es","@id":"https:\/\/egassist.com\/es\/#\/schema\/logo\/image\/","url":"https:\/\/egassist.com\/wp-content\/uploads\/2025\/10\/Logo-EG-Assist-Vertical.jpg","contentUrl":"https:\/\/egassist.com\/wp-content\/uploads\/2025\/10\/Logo-EG-Assist-Vertical.jpg","width":850,"height":410,"caption":"EG Assist"},"image":{"@id":"https:\/\/egassist.com\/es\/#\/schema\/logo\/image\/"},"sameAs":["https:\/\/www.facebook.com\/expatgroup.co\/","https:\/\/www.instagram.com\/expatgroupco\/","https:\/\/www.linkedin.com\/company\/expatgroupco","https:\/\/www.youtube.com\/channel\/UC1S8eOLd8vXak8MGvxG15lg"],"description":"EG Insurance offers comprehensive, visa-compliant health coverage designed for your life in Colombia. We provide the market's best coverage-to-price ratio, with flexible subscription options and customizable add-ons to perfectly match your needs. Discover the benefits of being protected by the best.","email":"insurance@expatgroup.co","telephone":"+19547993692","legalName":"Expatgroup.co LLC","foundingDate":"2018-01-08","numberOfEmployees":{"@type":"QuantitativeValue","minValue":"11","maxValue":"50"}}]}},"_links":{"self":[{"href":"https:\/\/egassist.com\/es\/wp-json\/wp\/v2\/pages\/5046","targetHints":{"allow":["GET"]}}],"collection":[{"href":"https:\/\/egassist.com\/es\/wp-json\/wp\/v2\/pages"}],"about":[{"href":"https:\/\/egassist.com\/es\/wp-json\/wp\/v2\/types\/page"}],"author":[{"embeddable":true,"href":"https:\/\/egassist.com\/es\/wp-json\/wp\/v2\/users\/1"}],"replies":[{"embeddable":true,"href":"https:\/\/egassist.com\/es\/wp-json\/wp\/v2\/comments?post=5046"}],"version-history":[{"count":2,"href":"https:\/\/egassist.com\/es\/wp-json\/wp\/v2\/pages\/5046\/revisions"}],"predecessor-version":[{"id":5051,"href":"https:\/\/egassist.com\/es\/wp-json\/wp\/v2\/pages\/5046\/revisions\/5051"}],"wp:attachment":[{"href":"https:\/\/egassist.com\/es\/wp-json\/wp\/v2\/media?parent=5046"}],"curies":[{"name":"wp","href":"https:\/\/api.w.org\/{rel}","templated":true}]}}