{"id":4177,"date":"2026-02-17T07:38:24","date_gmt":"2026-02-17T12:38:24","guid":{"rendered":"https:\/\/egassist.com\/conviertase-en-partner\/"},"modified":"2026-03-27T13:22:00","modified_gmt":"2026-03-27T18:22:00","slug":"conviertase-en-partner","status":"publish","type":"page","link":"https:\/\/egassist.com\/es\/conviertase-en-partner\/","title":{"rendered":"Convi\u00e9rtase en Partner"},"content":{"rendered":"<p><span style=\"font-weight: 400;\">Brinde a su comunidad de extranjeros el respaldo de una p\u00f3liza de salud dise\u00f1ada completamente a la medida de los requerimientos del gobierno para el tr\u00e1mite de visa colombiana. Reg\u00edstrese en segundos, obtenga su link de venta personalizado y reciba los beneficios m\u00e1s competitivos en el mercado por cada venta exitosa. <\/span><\/p>\n","protected":false},"excerpt":{"rendered":"<p>Brinde a su comunidad de extranjeros el respaldo de una p\u00f3liza de salud dise\u00f1ada completamente a la medida de los requerimientos del gobierno para el tr\u00e1mite de visa colombiana. Reg\u00edstrese en segundos, obtenga su link de venta personalizado y reciba los beneficios m\u00e1s competitivos en el mercado por cada venta exitosa.<\/p>\n","protected":false},"author":1,"featured_media":0,"parent":0,"menu_order":32,"comment_status":"closed","ping_status":"closed","template":"","meta":{"_acf_changed":false,"inline_featured_image":false,"footnotes":""},"class_list":["post-4177","page","type-page","status-publish","hentry"],"acf":[],"yoast_head":"<!-- This site is optimized with the Yoast SEO Premium plugin v26.3 (Yoast SEO v27.0) - https:\/\/yoast.com\/product\/yoast-seo-premium-wordpress\/ -->\n<title>Convi\u00e9rtase en partner y ofrezca las p\u00f3lizas de salud de EG Assist<\/title>\n<meta name=\"description\" content=\"\u00danase al Programa de Partners de EG Assist. Comisi\u00f3n del 15% sobre nuestros planes. Pagos mensuales y seguimiento en tiempo real.\" \/>\n<meta name=\"robots\" content=\"index, follow, max-snippet:-1, max-image-preview:large, max-video-preview:-1\" \/>\n<link rel=\"canonical\" href=\"https:\/\/egassist.com\/es\/conviertase-en-partner\/\" \/>\n<meta property=\"og:locale\" content=\"es_ES\" \/>\n<meta property=\"og:type\" content=\"article\" \/>\n<meta property=\"og:title\" content=\"Convi\u00e9rtase en partner y ofrezca las p\u00f3lizas de salud de EG Assist\" \/>\n<meta property=\"og:description\" content=\"\u00danase al Programa de Partners de EG Assist. Comisi\u00f3n del 15% sobre nuestros planes. Pagos mensuales y seguimiento en tiempo real.\" \/>\n<meta property=\"og:url\" content=\"https:\/\/egassist.com\/es\/conviertase-en-partner\/\" \/>\n<meta property=\"og:site_name\" content=\"EG Assist\" \/>\n<meta property=\"article:publisher\" content=\"https:\/\/www.facebook.com\/expatgroup.co\/\" \/>\n<meta property=\"article:modified_time\" content=\"2026-03-27T18:22:00+00:00\" \/>\n<meta property=\"og:image\" content=\"https:\/\/egassist.com\/wp-content\/uploads\/2026\/03\/Conviertase-en-partner.webp\" \/>\n\t<meta property=\"og:image:width\" content=\"763\" \/>\n\t<meta property=\"og:image:height\" content=\"521\" \/>\n\t<meta property=\"og:image:type\" content=\"image\/webp\" \/>\n<meta name=\"twitter:card\" content=\"summary_large_image\" \/>\n<meta name=\"twitter:title\" content=\"Convi\u00e9rtase en Partner\" \/>\n<meta name=\"twitter:label1\" content=\"Tiempo de lectura\" \/>\n\t<meta name=\"twitter:data1\" content=\"1 minuto\" \/>\n<script type=\"application\/ld+json\" class=\"yoast-schema-graph\">{\"@context\":\"https:\/\/schema.org\",\"@graph\":[{\"@type\":\"WebPage\",\"@id\":\"https:\/\/egassist.com\/es\/conviertase-en-partner\/\",\"url\":\"https:\/\/egassist.com\/es\/conviertase-en-partner\/\",\"name\":\"Convi\u00e9rtase en partner y ofrezca las p\u00f3lizas de salud de EG Assist\",\"isPartOf\":{\"@id\":\"https:\/\/egassist.com\/es\/#website\"},\"datePublished\":\"2026-02-17T12:38:24+00:00\",\"dateModified\":\"2026-03-27T18:22:00+00:00\",\"description\":\"\u00danase al Programa de Partners de EG Assist. Comisi\u00f3n del 15% sobre nuestros planes. Pagos mensuales y seguimiento en tiempo real.\",\"breadcrumb\":{\"@id\":\"https:\/\/egassist.com\/es\/conviertase-en-partner\/#breadcrumb\"},\"inLanguage\":\"es\",\"potentialAction\":[{\"@type\":\"ReadAction\",\"target\":[\"https:\/\/egassist.com\/es\/conviertase-en-partner\/\"]}]},{\"@type\":\"BreadcrumbList\",\"@id\":\"https:\/\/egassist.com\/es\/conviertase-en-partner\/#breadcrumb\",\"itemListElement\":[{\"@type\":\"ListItem\",\"position\":1,\"name\":\"Home\",\"item\":\"https:\/\/egassist.com\/es\/\"},{\"@type\":\"ListItem\",\"position\":2,\"name\":\"Convi\u00e9rtase en Partner\"}]},{\"@type\":\"WebSite\",\"@id\":\"https:\/\/egassist.com\/es\/#website\",\"url\":\"https:\/\/egassist.com\/es\/\",\"name\":\"EG Assist\",\"description\":\"Health insurance tailored for expats like you\",\"publisher\":{\"@id\":\"https:\/\/egassist.com\/es\/#organization\"},\"alternateName\":\"EG\",\"potentialAction\":[{\"@type\":\"SearchAction\",\"target\":{\"@type\":\"EntryPoint\",\"urlTemplate\":\"https:\/\/egassist.com\/es\/?s={search_term_string}\"},\"query-input\":{\"@type\":\"PropertyValueSpecification\",\"valueRequired\":true,\"valueName\":\"search_term_string\"}}],\"inLanguage\":\"es\"},{\"@type\":\"Organization\",\"@id\":\"https:\/\/egassist.com\/es\/#organization\",\"name\":\"EG Assist\",\"alternateName\":\"EG\",\"url\":\"https:\/\/egassist.com\/es\/\",\"logo\":{\"@type\":\"ImageObject\",\"inLanguage\":\"es\",\"@id\":\"https:\/\/egassist.com\/es\/#\/schema\/logo\/image\/\",\"url\":\"https:\/\/egassist.com\/wp-content\/uploads\/2025\/10\/Logo-EG-Assist-Vertical.jpg\",\"contentUrl\":\"https:\/\/egassist.com\/wp-content\/uploads\/2025\/10\/Logo-EG-Assist-Vertical.jpg\",\"width\":850,\"height\":410,\"caption\":\"EG Assist\"},\"image\":{\"@id\":\"https:\/\/egassist.com\/es\/#\/schema\/logo\/image\/\"},\"sameAs\":[\"https:\/\/www.facebook.com\/expatgroup.co\/\",\"https:\/\/www.instagram.com\/expatgroupco\/\",\"https:\/\/www.linkedin.com\/company\/expatgroupco\",\"https:\/\/www.youtube.com\/channel\/UC1S8eOLd8vXak8MGvxG15lg\"],\"description\":\"EG Insurance offers comprehensive, visa-compliant health coverage designed for your life in Colombia. We provide the market's best coverage-to-price ratio, with flexible subscription options and customizable add-ons to perfectly match your needs. Discover the benefits of being protected by the best.\",\"email\":\"insurance@expatgroup.co\",\"telephone\":\"+19547993692\",\"legalName\":\"Expatgroup.co LLC\",\"foundingDate\":\"2018-01-08\",\"numberOfEmployees\":{\"@type\":\"QuantitativeValue\",\"minValue\":\"11\",\"maxValue\":\"50\"}}]}<\/script>\n<!-- \/ Yoast SEO Premium plugin. -->","yoast_head_json":{"title":"Convi\u00e9rtase en partner y ofrezca las p\u00f3lizas de salud de EG Assist","description":"\u00danase al Programa de Partners de EG Assist. Comisi\u00f3n del 15% sobre nuestros planes. Pagos mensuales y seguimiento en tiempo real.","robots":{"index":"index","follow":"follow","max-snippet":"max-snippet:-1","max-image-preview":"max-image-preview:large","max-video-preview":"max-video-preview:-1"},"canonical":"https:\/\/egassist.com\/es\/conviertase-en-partner\/","og_locale":"es_ES","og_type":"article","og_title":"Convi\u00e9rtase en partner y ofrezca las p\u00f3lizas de salud de EG Assist","og_description":"\u00danase al Programa de Partners de EG Assist. Comisi\u00f3n del 15% sobre nuestros planes. Pagos mensuales y seguimiento en tiempo real.","og_url":"https:\/\/egassist.com\/es\/conviertase-en-partner\/","og_site_name":"EG Assist","article_publisher":"https:\/\/www.facebook.com\/expatgroup.co\/","article_modified_time":"2026-03-27T18:22:00+00:00","og_image":[{"width":763,"height":521,"url":"https:\/\/egassist.com\/wp-content\/uploads\/2026\/03\/Conviertase-en-partner.webp","type":"image\/webp"}],"twitter_card":"summary_large_image","twitter_title":"Convi\u00e9rtase en Partner","twitter_misc":{"Tiempo de lectura":"1 minuto"},"schema":{"@context":"https:\/\/schema.org","@graph":[{"@type":"WebPage","@id":"https:\/\/egassist.com\/es\/conviertase-en-partner\/","url":"https:\/\/egassist.com\/es\/conviertase-en-partner\/","name":"Convi\u00e9rtase en partner y ofrezca las p\u00f3lizas de salud de EG Assist","isPartOf":{"@id":"https:\/\/egassist.com\/es\/#website"},"datePublished":"2026-02-17T12:38:24+00:00","dateModified":"2026-03-27T18:22:00+00:00","description":"\u00danase al Programa de Partners de EG Assist. Comisi\u00f3n del 15% sobre nuestros planes. Pagos mensuales y seguimiento en tiempo real.","breadcrumb":{"@id":"https:\/\/egassist.com\/es\/conviertase-en-partner\/#breadcrumb"},"inLanguage":"es","potentialAction":[{"@type":"ReadAction","target":["https:\/\/egassist.com\/es\/conviertase-en-partner\/"]}]},{"@type":"BreadcrumbList","@id":"https:\/\/egassist.com\/es\/conviertase-en-partner\/#breadcrumb","itemListElement":[{"@type":"ListItem","position":1,"name":"Home","item":"https:\/\/egassist.com\/es\/"},{"@type":"ListItem","position":2,"name":"Convi\u00e9rtase en Partner"}]},{"@type":"WebSite","@id":"https:\/\/egassist.com\/es\/#website","url":"https:\/\/egassist.com\/es\/","name":"EG Assist","description":"Health insurance tailored for expats like you","publisher":{"@id":"https:\/\/egassist.com\/es\/#organization"},"alternateName":"EG","potentialAction":[{"@type":"SearchAction","target":{"@type":"EntryPoint","urlTemplate":"https:\/\/egassist.com\/es\/?s={search_term_string}"},"query-input":{"@type":"PropertyValueSpecification","valueRequired":true,"valueName":"search_term_string"}}],"inLanguage":"es"},{"@type":"Organization","@id":"https:\/\/egassist.com\/es\/#organization","name":"EG Assist","alternateName":"EG","url":"https:\/\/egassist.com\/es\/","logo":{"@type":"ImageObject","inLanguage":"es","@id":"https:\/\/egassist.com\/es\/#\/schema\/logo\/image\/","url":"https:\/\/egassist.com\/wp-content\/uploads\/2025\/10\/Logo-EG-Assist-Vertical.jpg","contentUrl":"https:\/\/egassist.com\/wp-content\/uploads\/2025\/10\/Logo-EG-Assist-Vertical.jpg","width":850,"height":410,"caption":"EG Assist"},"image":{"@id":"https:\/\/egassist.com\/es\/#\/schema\/logo\/image\/"},"sameAs":["https:\/\/www.facebook.com\/expatgroup.co\/","https:\/\/www.instagram.com\/expatgroupco\/","https:\/\/www.linkedin.com\/company\/expatgroupco","https:\/\/www.youtube.com\/channel\/UC1S8eOLd8vXak8MGvxG15lg"],"description":"EG Insurance offers comprehensive, visa-compliant health coverage designed for your life in Colombia. We provide the market's best coverage-to-price ratio, with flexible subscription options and customizable add-ons to perfectly match your needs. Discover the benefits of being protected by the best.","email":"insurance@expatgroup.co","telephone":"+19547993692","legalName":"Expatgroup.co LLC","foundingDate":"2018-01-08","numberOfEmployees":{"@type":"QuantitativeValue","minValue":"11","maxValue":"50"}}]}},"_links":{"self":[{"href":"https:\/\/egassist.com\/es\/wp-json\/wp\/v2\/pages\/4177","targetHints":{"allow":["GET"]}}],"collection":[{"href":"https:\/\/egassist.com\/es\/wp-json\/wp\/v2\/pages"}],"about":[{"href":"https:\/\/egassist.com\/es\/wp-json\/wp\/v2\/types\/page"}],"author":[{"embeddable":true,"href":"https:\/\/egassist.com\/es\/wp-json\/wp\/v2\/users\/1"}],"replies":[{"embeddable":true,"href":"https:\/\/egassist.com\/es\/wp-json\/wp\/v2\/comments?post=4177"}],"version-history":[{"count":6,"href":"https:\/\/egassist.com\/es\/wp-json\/wp\/v2\/pages\/4177\/revisions"}],"predecessor-version":[{"id":4608,"href":"https:\/\/egassist.com\/es\/wp-json\/wp\/v2\/pages\/4177\/revisions\/4608"}],"wp:attachment":[{"href":"https:\/\/egassist.com\/es\/wp-json\/wp\/v2\/media?parent=4177"}],"curies":[{"name":"wp","href":"https:\/\/api.w.org\/{rel}","templated":true}]}}