{"id":3759,"date":"2026-02-01T17:56:27","date_gmt":"2026-02-01T22:56:27","guid":{"rendered":"https:\/\/egassist.com\/verifica\/"},"modified":"2026-04-08T11:59:31","modified_gmt":"2026-04-08T16:59:31","slug":"verifica","status":"publish","type":"page","link":"https:\/\/egassist.com\/es\/verifica\/","title":{"rendered":"Verifica"},"content":{"rendered":"<p>Bienvenido al portal oficial de verificaci\u00f3n de EG Assist. Esta herramienta est\u00e1 dise\u00f1ada para proporcionar total transparencia y seguridad a nuestros miembros y a las autoridades migratorias colombianas. Aqu\u00ed, puede confirmar instant\u00e1neamente la autenticidad, el estado en tiempo real y las fechas de validez espec\u00edficas de su plan de asistencia, asegurando que su documentaci\u00f3n cumpla con su solicitud de visa colombiana.<\/p>\n","protected":false},"excerpt":{"rendered":"<p>Bienvenido al portal oficial de verificaci\u00f3n de EG Assist. Esta herramienta est\u00e1 dise\u00f1ada para proporcionar total transparencia y seguridad a nuestros miembros y a las autoridades migratorias colombianas. Aqu\u00ed, puede confirmar instant\u00e1neamente la autenticidad, el estado en tiempo real y las fechas de validez espec\u00edficas de su plan de asistencia, asegurando que su documentaci\u00f3n cumpla [&hellip;]<\/p>\n","protected":false},"author":1,"featured_media":0,"parent":0,"menu_order":11,"comment_status":"closed","ping_status":"closed","template":"","meta":{"_acf_changed":false,"inline_featured_image":false,"footnotes":""},"class_list":["post-3759","page","type-page","status-publish","hentry"],"acf":[],"yoast_head":"<!-- This site is optimized with the Yoast SEO Premium plugin v26.3 (Yoast SEO v27.0) - https:\/\/yoast.com\/product\/yoast-seo-premium-wordpress\/ -->\n<title>Sistema de Verificaci\u00f3n de Vouchers | EG Assist<\/title>\n<meta name=\"description\" content=\"Plataforma oficial de validaci\u00f3n de vouchers de EG Assist. Verifique la autenticidad, el estado de la cobertura y la validez de los planes de asistencia para solicitudes de visa colombiana.\" \/>\n<meta name=\"robots\" content=\"index, follow, max-snippet:-1, max-image-preview:large, max-video-preview:-1\" \/>\n<link rel=\"canonical\" href=\"https:\/\/egassist.com\/es\/verifica\/\" \/>\n<meta property=\"og:locale\" content=\"es_ES\" \/>\n<meta property=\"og:type\" content=\"article\" \/>\n<meta property=\"og:title\" content=\"Verifica\" \/>\n<meta property=\"og:description\" content=\"Plataforma oficial de validaci\u00f3n de vouchers de EG Assist. Verifique la autenticidad, el estado de la cobertura y la validez de los planes de asistencia para solicitudes de visa colombiana.\" \/>\n<meta property=\"og:url\" content=\"https:\/\/egassist.com\/es\/verifica\/\" \/>\n<meta property=\"og:site_name\" content=\"EG Assist\" \/>\n<meta property=\"article:publisher\" content=\"https:\/\/www.facebook.com\/expatgroup.co\/\" \/>\n<meta property=\"article:modified_time\" content=\"2026-04-08T16:59:31+00:00\" \/>\n<meta property=\"og:image\" content=\"https:\/\/egassist.com\/wp-content\/uploads\/2026\/03\/Verificar-Voucher.webp\" \/>\n\t<meta property=\"og:image:width\" content=\"763\" \/>\n\t<meta property=\"og:image:height\" content=\"521\" \/>\n\t<meta property=\"og:image:type\" content=\"image\/webp\" \/>\n<meta name=\"twitter:card\" content=\"summary_large_image\" \/>\n<meta name=\"twitter:label1\" content=\"Tiempo de lectura\" \/>\n\t<meta name=\"twitter:data1\" content=\"1 minuto\" \/>\n<script type=\"application\/ld+json\" class=\"yoast-schema-graph\">{\"@context\":\"https:\/\/schema.org\",\"@graph\":[{\"@type\":\"WebPage\",\"@id\":\"https:\/\/egassist.com\/es\/verifica\/\",\"url\":\"https:\/\/egassist.com\/es\/verifica\/\",\"name\":\"Sistema de Verificaci\u00f3n de Vouchers | EG Assist\",\"isPartOf\":{\"@id\":\"https:\/\/egassist.com\/es\/#website\"},\"datePublished\":\"2026-02-01T22:56:27+00:00\",\"dateModified\":\"2026-04-08T16:59:31+00:00\",\"description\":\"Plataforma oficial de validaci\u00f3n de vouchers de EG Assist. Verifique la autenticidad, el estado de la cobertura y la validez de los planes de asistencia para solicitudes de visa colombiana.\",\"breadcrumb\":{\"@id\":\"https:\/\/egassist.com\/es\/verifica\/#breadcrumb\"},\"inLanguage\":\"es\",\"potentialAction\":[{\"@type\":\"ReadAction\",\"target\":[\"https:\/\/egassist.com\/es\/verifica\/\"]}]},{\"@type\":\"BreadcrumbList\",\"@id\":\"https:\/\/egassist.com\/es\/verifica\/#breadcrumb\",\"itemListElement\":[{\"@type\":\"ListItem\",\"position\":1,\"name\":\"Home\",\"item\":\"https:\/\/egassist.com\/es\/\"},{\"@type\":\"ListItem\",\"position\":2,\"name\":\"Verifica\"}]},{\"@type\":\"WebSite\",\"@id\":\"https:\/\/egassist.com\/es\/#website\",\"url\":\"https:\/\/egassist.com\/es\/\",\"name\":\"EG Assist\",\"description\":\"Health insurance tailored for expats like you\",\"publisher\":{\"@id\":\"https:\/\/egassist.com\/es\/#organization\"},\"alternateName\":\"EG\",\"potentialAction\":[{\"@type\":\"SearchAction\",\"target\":{\"@type\":\"EntryPoint\",\"urlTemplate\":\"https:\/\/egassist.com\/es\/?s={search_term_string}\"},\"query-input\":{\"@type\":\"PropertyValueSpecification\",\"valueRequired\":true,\"valueName\":\"search_term_string\"}}],\"inLanguage\":\"es\"},{\"@type\":\"Organization\",\"@id\":\"https:\/\/egassist.com\/es\/#organization\",\"name\":\"EG Assist\",\"alternateName\":\"EG\",\"url\":\"https:\/\/egassist.com\/es\/\",\"logo\":{\"@type\":\"ImageObject\",\"inLanguage\":\"es\",\"@id\":\"https:\/\/egassist.com\/es\/#\/schema\/logo\/image\/\",\"url\":\"https:\/\/egassist.com\/wp-content\/uploads\/2025\/10\/Logo-EG-Assist-Vertical.jpg\",\"contentUrl\":\"https:\/\/egassist.com\/wp-content\/uploads\/2025\/10\/Logo-EG-Assist-Vertical.jpg\",\"width\":850,\"height\":410,\"caption\":\"EG Assist\"},\"image\":{\"@id\":\"https:\/\/egassist.com\/es\/#\/schema\/logo\/image\/\"},\"sameAs\":[\"https:\/\/www.facebook.com\/expatgroup.co\/\",\"https:\/\/www.instagram.com\/expatgroupco\/\",\"https:\/\/www.linkedin.com\/company\/expatgroupco\",\"https:\/\/www.youtube.com\/channel\/UC1S8eOLd8vXak8MGvxG15lg\"],\"description\":\"EG Insurance offers comprehensive, visa-compliant health coverage designed for your life in Colombia. We provide the market's best coverage-to-price ratio, with flexible subscription options and customizable add-ons to perfectly match your needs. Discover the benefits of being protected by the best.\",\"email\":\"insurance@expatgroup.co\",\"telephone\":\"+19547993692\",\"legalName\":\"Expatgroup.co LLC\",\"foundingDate\":\"2018-01-08\",\"numberOfEmployees\":{\"@type\":\"QuantitativeValue\",\"minValue\":\"11\",\"maxValue\":\"50\"}}]}<\/script>\n<!-- \/ Yoast SEO Premium plugin. -->","yoast_head_json":{"title":"Sistema de Verificaci\u00f3n de Vouchers | EG Assist","description":"Plataforma oficial de validaci\u00f3n de vouchers de EG Assist. Verifique la autenticidad, el estado de la cobertura y la validez de los planes de asistencia para solicitudes de visa colombiana.","robots":{"index":"index","follow":"follow","max-snippet":"max-snippet:-1","max-image-preview":"max-image-preview:large","max-video-preview":"max-video-preview:-1"},"canonical":"https:\/\/egassist.com\/es\/verifica\/","og_locale":"es_ES","og_type":"article","og_title":"Verifica","og_description":"Plataforma oficial de validaci\u00f3n de vouchers de EG Assist. Verifique la autenticidad, el estado de la cobertura y la validez de los planes de asistencia para solicitudes de visa colombiana.","og_url":"https:\/\/egassist.com\/es\/verifica\/","og_site_name":"EG Assist","article_publisher":"https:\/\/www.facebook.com\/expatgroup.co\/","article_modified_time":"2026-04-08T16:59:31+00:00","og_image":[{"width":763,"height":521,"url":"https:\/\/egassist.com\/wp-content\/uploads\/2026\/03\/Verificar-Voucher.webp","type":"image\/webp"}],"twitter_card":"summary_large_image","twitter_misc":{"Tiempo de lectura":"1 minuto"},"schema":{"@context":"https:\/\/schema.org","@graph":[{"@type":"WebPage","@id":"https:\/\/egassist.com\/es\/verifica\/","url":"https:\/\/egassist.com\/es\/verifica\/","name":"Sistema de Verificaci\u00f3n de Vouchers | EG Assist","isPartOf":{"@id":"https:\/\/egassist.com\/es\/#website"},"datePublished":"2026-02-01T22:56:27+00:00","dateModified":"2026-04-08T16:59:31+00:00","description":"Plataforma oficial de validaci\u00f3n de vouchers de EG Assist. Verifique la autenticidad, el estado de la cobertura y la validez de los planes de asistencia para solicitudes de visa colombiana.","breadcrumb":{"@id":"https:\/\/egassist.com\/es\/verifica\/#breadcrumb"},"inLanguage":"es","potentialAction":[{"@type":"ReadAction","target":["https:\/\/egassist.com\/es\/verifica\/"]}]},{"@type":"BreadcrumbList","@id":"https:\/\/egassist.com\/es\/verifica\/#breadcrumb","itemListElement":[{"@type":"ListItem","position":1,"name":"Home","item":"https:\/\/egassist.com\/es\/"},{"@type":"ListItem","position":2,"name":"Verifica"}]},{"@type":"WebSite","@id":"https:\/\/egassist.com\/es\/#website","url":"https:\/\/egassist.com\/es\/","name":"EG Assist","description":"Health insurance tailored for expats like you","publisher":{"@id":"https:\/\/egassist.com\/es\/#organization"},"alternateName":"EG","potentialAction":[{"@type":"SearchAction","target":{"@type":"EntryPoint","urlTemplate":"https:\/\/egassist.com\/es\/?s={search_term_string}"},"query-input":{"@type":"PropertyValueSpecification","valueRequired":true,"valueName":"search_term_string"}}],"inLanguage":"es"},{"@type":"Organization","@id":"https:\/\/egassist.com\/es\/#organization","name":"EG Assist","alternateName":"EG","url":"https:\/\/egassist.com\/es\/","logo":{"@type":"ImageObject","inLanguage":"es","@id":"https:\/\/egassist.com\/es\/#\/schema\/logo\/image\/","url":"https:\/\/egassist.com\/wp-content\/uploads\/2025\/10\/Logo-EG-Assist-Vertical.jpg","contentUrl":"https:\/\/egassist.com\/wp-content\/uploads\/2025\/10\/Logo-EG-Assist-Vertical.jpg","width":850,"height":410,"caption":"EG Assist"},"image":{"@id":"https:\/\/egassist.com\/es\/#\/schema\/logo\/image\/"},"sameAs":["https:\/\/www.facebook.com\/expatgroup.co\/","https:\/\/www.instagram.com\/expatgroupco\/","https:\/\/www.linkedin.com\/company\/expatgroupco","https:\/\/www.youtube.com\/channel\/UC1S8eOLd8vXak8MGvxG15lg"],"description":"EG Insurance offers comprehensive, visa-compliant health coverage designed for your life in Colombia. We provide the market's best coverage-to-price ratio, with flexible subscription options and customizable add-ons to perfectly match your needs. Discover the benefits of being protected by the best.","email":"insurance@expatgroup.co","telephone":"+19547993692","legalName":"Expatgroup.co LLC","foundingDate":"2018-01-08","numberOfEmployees":{"@type":"QuantitativeValue","minValue":"11","maxValue":"50"}}]}},"_links":{"self":[{"href":"https:\/\/egassist.com\/es\/wp-json\/wp\/v2\/pages\/3759","targetHints":{"allow":["GET"]}}],"collection":[{"href":"https:\/\/egassist.com\/es\/wp-json\/wp\/v2\/pages"}],"about":[{"href":"https:\/\/egassist.com\/es\/wp-json\/wp\/v2\/types\/page"}],"author":[{"embeddable":true,"href":"https:\/\/egassist.com\/es\/wp-json\/wp\/v2\/users\/1"}],"replies":[{"embeddable":true,"href":"https:\/\/egassist.com\/es\/wp-json\/wp\/v2\/comments?post=3759"}],"version-history":[{"count":7,"href":"https:\/\/egassist.com\/es\/wp-json\/wp\/v2\/pages\/3759\/revisions"}],"predecessor-version":[{"id":4713,"href":"https:\/\/egassist.com\/es\/wp-json\/wp\/v2\/pages\/3759\/revisions\/4713"}],"wp:attachment":[{"href":"https:\/\/egassist.com\/es\/wp-json\/wp\/v2\/media?parent=3759"}],"curies":[{"name":"wp","href":"https:\/\/api.w.org\/{rel}","templated":true}]}}