{"id":2708,"date":"2025-10-16T15:28:21","date_gmt":"2025-10-16T20:28:21","guid":{"rendered":"https:\/\/egassist.com\/terms-conditions\/"},"modified":"2026-03-26T15:03:26","modified_gmt":"2026-03-26T20:03:26","slug":"terms-conditions","status":"publish","type":"page","link":"https:\/\/egassist.com\/es\/terminos-y-condiciones\/","title":{"rendered":"T\u00e9rminos y Condiciones"},"content":{"rendered":"<p>Para garantizar una transparencia total, aqu\u00ed encontrar\u00e1 las condiciones generales completas de todos los productos de EG Assist. Estas condiciones est\u00e1n dise\u00f1adas para cumplir con la normativa colombiana sobre visas (Res. 5477, 2022).<\/p>\n","protected":false},"excerpt":{"rendered":"<p>Para garantizar una transparencia total, aqu\u00ed encontrar\u00e1 las condiciones generales completas de todos los productos de EG Assist. Estas condiciones est\u00e1n dise\u00f1adas para cumplir con la normativa colombiana sobre visas (Res. 5477, 2022).<\/p>\n","protected":false},"author":1,"featured_media":0,"parent":0,"menu_order":91,"comment_status":"closed","ping_status":"closed","template":"","meta":{"_acf_changed":false,"inline_featured_image":false,"footnotes":""},"class_list":["post-2708","page","type-page","status-publish","hentry"],"acf":[],"yoast_head":"<!-- This site is optimized with the Yoast SEO Premium plugin v26.3 (Yoast SEO v27.0) - https:\/\/yoast.com\/product\/yoast-seo-premium-wordpress\/ -->\n<title>Lee Nuestros T\u00e9rminos y Condiciones de P\u00f3liza | EG Insurance<\/title>\n<meta name=\"description\" content=\"Nuestros t\u00e9rminos y condiciones detallan el alcance de tu cobertura, nuestro proceso de reclamaciones y pol\u00edticas de cancelaci\u00f3n. Conoce m\u00e1s. Read more.\" \/>\n<meta name=\"robots\" content=\"index, follow, max-snippet:-1, max-image-preview:large, max-video-preview:-1\" \/>\n<link rel=\"canonical\" href=\"https:\/\/egassist.com\/es\/terminos-y-condiciones\/\" \/>\n<meta property=\"og:locale\" content=\"es_ES\" \/>\n<meta property=\"og:type\" content=\"article\" \/>\n<meta property=\"og:title\" content=\"Lee Nuestros T\u00e9rminos y Condiciones de P\u00f3liza | EG Insurance\" \/>\n<meta property=\"og:description\" content=\"Nuestros t\u00e9rminos y condiciones detallan el alcance de tu cobertura, nuestro proceso de reclamaciones y pol\u00edticas de cancelaci\u00f3n. Conoce m\u00e1s. Read more.\" \/>\n<meta property=\"og:url\" content=\"https:\/\/egassist.com\/es\/terminos-y-condiciones\/\" \/>\n<meta property=\"og:site_name\" content=\"EG Assist\" \/>\n<meta property=\"article:publisher\" content=\"https:\/\/www.facebook.com\/expatgroup.co\/\" \/>\n<meta property=\"article:modified_time\" content=\"2026-03-26T20:03:26+00:00\" \/>\n<meta property=\"og:image\" content=\"https:\/\/egassist.com\/wp-content\/uploads\/2026\/03\/Terminos-y-Condiciones.webp\" \/>\n\t<meta property=\"og:image:width\" content=\"763\" \/>\n\t<meta property=\"og:image:height\" content=\"521\" \/>\n\t<meta property=\"og:image:type\" content=\"image\/webp\" \/>\n<meta name=\"twitter:card\" content=\"summary_large_image\" \/>\n<meta name=\"twitter:title\" content=\"T\u00e9rminos y Condiciones\" \/>\n<meta name=\"twitter:label1\" content=\"Tiempo de lectura\" \/>\n\t<meta name=\"twitter:data1\" content=\"1 minuto\" \/>\n<script type=\"application\/ld+json\" class=\"yoast-schema-graph\">{\"@context\":\"https:\/\/schema.org\",\"@graph\":[{\"@type\":\"WebPage\",\"@id\":\"https:\/\/egassist.com\/es\/terminos-y-condiciones\/\",\"url\":\"https:\/\/egassist.com\/es\/terminos-y-condiciones\/\",\"name\":\"Lee Nuestros T\u00e9rminos y Condiciones de P\u00f3liza | EG Insurance\",\"isPartOf\":{\"@id\":\"https:\/\/egassist.com\/es\/#website\"},\"datePublished\":\"2025-10-16T20:28:21+00:00\",\"dateModified\":\"2026-03-26T20:03:26+00:00\",\"description\":\"Nuestros t\u00e9rminos y condiciones detallan el alcance de tu cobertura, nuestro proceso de reclamaciones y pol\u00edticas de cancelaci\u00f3n. Conoce m\u00e1s. Read more.\",\"breadcrumb\":{\"@id\":\"https:\/\/egassist.com\/es\/terminos-y-condiciones\/#breadcrumb\"},\"inLanguage\":\"es\",\"potentialAction\":[{\"@type\":\"ReadAction\",\"target\":[\"https:\/\/egassist.com\/es\/terminos-y-condiciones\/\"]}]},{\"@type\":\"BreadcrumbList\",\"@id\":\"https:\/\/egassist.com\/es\/terminos-y-condiciones\/#breadcrumb\",\"itemListElement\":[{\"@type\":\"ListItem\",\"position\":1,\"name\":\"Home\",\"item\":\"https:\/\/egassist.com\/es\/\"},{\"@type\":\"ListItem\",\"position\":2,\"name\":\"T\u00e9rminos y Condiciones\"}]},{\"@type\":\"WebSite\",\"@id\":\"https:\/\/egassist.com\/es\/#website\",\"url\":\"https:\/\/egassist.com\/es\/\",\"name\":\"EG Assist\",\"description\":\"Health insurance tailored for expats like you\",\"publisher\":{\"@id\":\"https:\/\/egassist.com\/es\/#organization\"},\"alternateName\":\"EG\",\"potentialAction\":[{\"@type\":\"SearchAction\",\"target\":{\"@type\":\"EntryPoint\",\"urlTemplate\":\"https:\/\/egassist.com\/es\/?s={search_term_string}\"},\"query-input\":{\"@type\":\"PropertyValueSpecification\",\"valueRequired\":true,\"valueName\":\"search_term_string\"}}],\"inLanguage\":\"es\"},{\"@type\":\"Organization\",\"@id\":\"https:\/\/egassist.com\/es\/#organization\",\"name\":\"EG Assist\",\"alternateName\":\"EG\",\"url\":\"https:\/\/egassist.com\/es\/\",\"logo\":{\"@type\":\"ImageObject\",\"inLanguage\":\"es\",\"@id\":\"https:\/\/egassist.com\/es\/#\/schema\/logo\/image\/\",\"url\":\"https:\/\/egassist.com\/wp-content\/uploads\/2025\/10\/Logo-EG-Assist-Vertical.jpg\",\"contentUrl\":\"https:\/\/egassist.com\/wp-content\/uploads\/2025\/10\/Logo-EG-Assist-Vertical.jpg\",\"width\":850,\"height\":410,\"caption\":\"EG Assist\"},\"image\":{\"@id\":\"https:\/\/egassist.com\/es\/#\/schema\/logo\/image\/\"},\"sameAs\":[\"https:\/\/www.facebook.com\/expatgroup.co\/\",\"https:\/\/www.instagram.com\/expatgroupco\/\",\"https:\/\/www.linkedin.com\/company\/expatgroupco\",\"https:\/\/www.youtube.com\/channel\/UC1S8eOLd8vXak8MGvxG15lg\"],\"description\":\"EG Insurance offers comprehensive, visa-compliant health coverage designed for your life in Colombia. We provide the market's best coverage-to-price ratio, with flexible subscription options and customizable add-ons to perfectly match your needs. Discover the benefits of being protected by the best.\",\"email\":\"insurance@expatgroup.co\",\"telephone\":\"+19547993692\",\"legalName\":\"Expatgroup.co LLC\",\"foundingDate\":\"2018-01-08\",\"numberOfEmployees\":{\"@type\":\"QuantitativeValue\",\"minValue\":\"11\",\"maxValue\":\"50\"}}]}<\/script>\n<!-- \/ Yoast SEO Premium plugin. -->","yoast_head_json":{"title":"Lee Nuestros T\u00e9rminos y Condiciones de P\u00f3liza | EG Insurance","description":"Nuestros t\u00e9rminos y condiciones detallan el alcance de tu cobertura, nuestro proceso de reclamaciones y pol\u00edticas de cancelaci\u00f3n. Conoce m\u00e1s. Read more.","robots":{"index":"index","follow":"follow","max-snippet":"max-snippet:-1","max-image-preview":"max-image-preview:large","max-video-preview":"max-video-preview:-1"},"canonical":"https:\/\/egassist.com\/es\/terminos-y-condiciones\/","og_locale":"es_ES","og_type":"article","og_title":"Lee Nuestros T\u00e9rminos y Condiciones de P\u00f3liza | EG Insurance","og_description":"Nuestros t\u00e9rminos y condiciones detallan el alcance de tu cobertura, nuestro proceso de reclamaciones y pol\u00edticas de cancelaci\u00f3n. Conoce m\u00e1s. Read more.","og_url":"https:\/\/egassist.com\/es\/terminos-y-condiciones\/","og_site_name":"EG Assist","article_publisher":"https:\/\/www.facebook.com\/expatgroup.co\/","article_modified_time":"2026-03-26T20:03:26+00:00","og_image":[{"width":763,"height":521,"url":"https:\/\/egassist.com\/wp-content\/uploads\/2026\/03\/Terminos-y-Condiciones.webp","type":"image\/webp"}],"twitter_card":"summary_large_image","twitter_title":"T\u00e9rminos y Condiciones","twitter_misc":{"Tiempo de lectura":"1 minuto"},"schema":{"@context":"https:\/\/schema.org","@graph":[{"@type":"WebPage","@id":"https:\/\/egassist.com\/es\/terminos-y-condiciones\/","url":"https:\/\/egassist.com\/es\/terminos-y-condiciones\/","name":"Lee Nuestros T\u00e9rminos y Condiciones de P\u00f3liza | EG Insurance","isPartOf":{"@id":"https:\/\/egassist.com\/es\/#website"},"datePublished":"2025-10-16T20:28:21+00:00","dateModified":"2026-03-26T20:03:26+00:00","description":"Nuestros t\u00e9rminos y condiciones detallan el alcance de tu cobertura, nuestro proceso de reclamaciones y pol\u00edticas de cancelaci\u00f3n. Conoce m\u00e1s. Read more.","breadcrumb":{"@id":"https:\/\/egassist.com\/es\/terminos-y-condiciones\/#breadcrumb"},"inLanguage":"es","potentialAction":[{"@type":"ReadAction","target":["https:\/\/egassist.com\/es\/terminos-y-condiciones\/"]}]},{"@type":"BreadcrumbList","@id":"https:\/\/egassist.com\/es\/terminos-y-condiciones\/#breadcrumb","itemListElement":[{"@type":"ListItem","position":1,"name":"Home","item":"https:\/\/egassist.com\/es\/"},{"@type":"ListItem","position":2,"name":"T\u00e9rminos y Condiciones"}]},{"@type":"WebSite","@id":"https:\/\/egassist.com\/es\/#website","url":"https:\/\/egassist.com\/es\/","name":"EG Assist","description":"Health insurance tailored for expats like you","publisher":{"@id":"https:\/\/egassist.com\/es\/#organization"},"alternateName":"EG","potentialAction":[{"@type":"SearchAction","target":{"@type":"EntryPoint","urlTemplate":"https:\/\/egassist.com\/es\/?s={search_term_string}"},"query-input":{"@type":"PropertyValueSpecification","valueRequired":true,"valueName":"search_term_string"}}],"inLanguage":"es"},{"@type":"Organization","@id":"https:\/\/egassist.com\/es\/#organization","name":"EG Assist","alternateName":"EG","url":"https:\/\/egassist.com\/es\/","logo":{"@type":"ImageObject","inLanguage":"es","@id":"https:\/\/egassist.com\/es\/#\/schema\/logo\/image\/","url":"https:\/\/egassist.com\/wp-content\/uploads\/2025\/10\/Logo-EG-Assist-Vertical.jpg","contentUrl":"https:\/\/egassist.com\/wp-content\/uploads\/2025\/10\/Logo-EG-Assist-Vertical.jpg","width":850,"height":410,"caption":"EG Assist"},"image":{"@id":"https:\/\/egassist.com\/es\/#\/schema\/logo\/image\/"},"sameAs":["https:\/\/www.facebook.com\/expatgroup.co\/","https:\/\/www.instagram.com\/expatgroupco\/","https:\/\/www.linkedin.com\/company\/expatgroupco","https:\/\/www.youtube.com\/channel\/UC1S8eOLd8vXak8MGvxG15lg"],"description":"EG Insurance offers comprehensive, visa-compliant health coverage designed for your life in Colombia. We provide the market's best coverage-to-price ratio, with flexible subscription options and customizable add-ons to perfectly match your needs. Discover the benefits of being protected by the best.","email":"insurance@expatgroup.co","telephone":"+19547993692","legalName":"Expatgroup.co LLC","foundingDate":"2018-01-08","numberOfEmployees":{"@type":"QuantitativeValue","minValue":"11","maxValue":"50"}}]}},"_links":{"self":[{"href":"https:\/\/egassist.com\/es\/wp-json\/wp\/v2\/pages\/2708","targetHints":{"allow":["GET"]}}],"collection":[{"href":"https:\/\/egassist.com\/es\/wp-json\/wp\/v2\/pages"}],"about":[{"href":"https:\/\/egassist.com\/es\/wp-json\/wp\/v2\/types\/page"}],"author":[{"embeddable":true,"href":"https:\/\/egassist.com\/es\/wp-json\/wp\/v2\/users\/1"}],"replies":[{"embeddable":true,"href":"https:\/\/egassist.com\/es\/wp-json\/wp\/v2\/comments?post=2708"}],"version-history":[{"count":7,"href":"https:\/\/egassist.com\/es\/wp-json\/wp\/v2\/pages\/2708\/revisions"}],"predecessor-version":[{"id":3534,"href":"https:\/\/egassist.com\/es\/wp-json\/wp\/v2\/pages\/2708\/revisions\/3534"}],"wp:attachment":[{"href":"https:\/\/egassist.com\/es\/wp-json\/wp\/v2\/media?parent=2708"}],"curies":[{"name":"wp","href":"https:\/\/api.w.org\/{rel}","templated":true}]}}