{"id":2705,"date":"2025-09-29T17:49:19","date_gmt":"2025-09-29T22:49:19","guid":{"rendered":"https:\/\/egassist.com\/contact-us\/"},"modified":"2026-03-10T17:06:23","modified_gmt":"2026-03-10T22:06:23","slug":"contactanos","status":"publish","type":"page","link":"https:\/\/egassist.com\/es\/contactanos\/","title":{"rendered":"Cont\u00e1ctanos"},"content":{"rendered":"<p><span style=\"font-weight: 400;\">Nuestro equipo especializado est\u00e1 listo para ayudarte a conocer nuestros planes de p\u00f3liza de salud y encontrar la opci\u00f3n perfecta para tu estancia. Completa el formulario a continuaci\u00f3n y te asignaremos un especialista para brindarte el apoyo personalizado que necesitas.<\/span><\/p>\n","protected":false},"excerpt":{"rendered":"<p>Nuestro equipo especializado est\u00e1 listo para ayudarte a conocer nuestros planes de p\u00f3liza de salud y encontrar la opci\u00f3n perfecta para tu estancia. Completa el formulario a continuaci\u00f3n y te asignaremos un especialista para brindarte el apoyo personalizado que necesitas.<\/p>\n","protected":false},"author":1,"featured_media":0,"parent":0,"menu_order":30,"comment_status":"closed","ping_status":"closed","template":"","meta":{"_acf_changed":false,"inline_featured_image":false,"footnotes":""},"class_list":["post-2705","page","type-page","status-publish","hentry"],"acf":[],"yoast_head":"<!-- This site is optimized with the Yoast SEO Premium plugin v26.3 (Yoast SEO v27.0) - https:\/\/yoast.com\/product\/yoast-seo-premium-wordpress\/ -->\n<title>Cont\u00e1ctanos y Obt\u00e9n Asesor\u00eda Experta sobre tu P\u00f3liza de Salud<\/title>\n<meta name=\"description\" content=\"\u00bfNecesitas una asesor\u00eda personalizada para tu p\u00f3liza de salud? Cont\u00e1ctanos y nuestro equipo experto te guiar\u00e1 sobre planes y cobertura.\" \/>\n<meta name=\"robots\" content=\"index, follow, max-snippet:-1, max-image-preview:large, max-video-preview:-1\" \/>\n<link rel=\"canonical\" href=\"https:\/\/egassist.com\/es\/contactanos\/\" \/>\n<meta property=\"og:locale\" content=\"es_ES\" \/>\n<meta property=\"og:type\" content=\"article\" \/>\n<meta property=\"og:title\" content=\"Cont\u00e1ctanos y Obt\u00e9n Asesor\u00eda sobre tu P\u00f3liza y Atenci\u00f3n al Cliente\" \/>\n<meta property=\"og:description\" content=\"\u00bfNecesitas una asesor\u00eda personalizada para tu p\u00f3liza de salud? Cont\u00e1ctanos y nuestro equipo experto te guiar\u00e1 sobre planes y cobertura.\" \/>\n<meta property=\"og:url\" content=\"https:\/\/egassist.com\/es\/contactanos\/\" \/>\n<meta property=\"og:site_name\" content=\"EG Assist\" \/>\n<meta property=\"article:publisher\" content=\"https:\/\/www.facebook.com\/expatgroup.co\/\" \/>\n<meta property=\"article:modified_time\" content=\"2026-03-10T22:06:23+00:00\" \/>\n<meta property=\"og:image\" content=\"https:\/\/egassist.com\/wp-content\/uploads\/2025\/12\/EG-Assist.webp\" \/>\n\t<meta property=\"og:image:width\" content=\"996\" \/>\n\t<meta property=\"og:image:height\" content=\"712\" \/>\n\t<meta property=\"og:image:type\" content=\"image\/webp\" \/>\n<meta name=\"twitter:card\" content=\"summary_large_image\" \/>\n<meta name=\"twitter:title\" content=\"Cont\u00e1ctanos\" \/>\n<meta name=\"twitter:label1\" content=\"Tiempo de lectura\" \/>\n\t<meta name=\"twitter:data1\" content=\"1 minuto\" \/>\n<script type=\"application\/ld+json\" class=\"yoast-schema-graph\">{\"@context\":\"https:\/\/schema.org\",\"@graph\":[{\"@type\":\"WebPage\",\"@id\":\"https:\/\/egassist.com\/es\/contactanos\/\",\"url\":\"https:\/\/egassist.com\/es\/contactanos\/\",\"name\":\"Cont\u00e1ctanos y Obt\u00e9n Asesor\u00eda Experta sobre tu P\u00f3liza de Salud\",\"isPartOf\":{\"@id\":\"https:\/\/egassist.com\/es\/#website\"},\"datePublished\":\"2025-09-29T22:49:19+00:00\",\"dateModified\":\"2026-03-10T22:06:23+00:00\",\"description\":\"\u00bfNecesitas una asesor\u00eda personalizada para tu p\u00f3liza de salud? Cont\u00e1ctanos y nuestro equipo experto te guiar\u00e1 sobre planes y cobertura.\",\"breadcrumb\":{\"@id\":\"https:\/\/egassist.com\/es\/contactanos\/#breadcrumb\"},\"inLanguage\":\"es\",\"potentialAction\":[{\"@type\":\"ReadAction\",\"target\":[\"https:\/\/egassist.com\/es\/contactanos\/\"]}]},{\"@type\":\"BreadcrumbList\",\"@id\":\"https:\/\/egassist.com\/es\/contactanos\/#breadcrumb\",\"itemListElement\":[{\"@type\":\"ListItem\",\"position\":1,\"name\":\"Home\",\"item\":\"https:\/\/egassist.com\/es\/\"},{\"@type\":\"ListItem\",\"position\":2,\"name\":\"Cont\u00e1ctanos\"}]},{\"@type\":\"WebSite\",\"@id\":\"https:\/\/egassist.com\/es\/#website\",\"url\":\"https:\/\/egassist.com\/es\/\",\"name\":\"EG Assist\",\"description\":\"Health insurance tailored for expats like you\",\"publisher\":{\"@id\":\"https:\/\/egassist.com\/es\/#organization\"},\"alternateName\":\"EG\",\"potentialAction\":[{\"@type\":\"SearchAction\",\"target\":{\"@type\":\"EntryPoint\",\"urlTemplate\":\"https:\/\/egassist.com\/es\/?s={search_term_string}\"},\"query-input\":{\"@type\":\"PropertyValueSpecification\",\"valueRequired\":true,\"valueName\":\"search_term_string\"}}],\"inLanguage\":\"es\"},{\"@type\":\"Organization\",\"@id\":\"https:\/\/egassist.com\/es\/#organization\",\"name\":\"EG Assist\",\"alternateName\":\"EG\",\"url\":\"https:\/\/egassist.com\/es\/\",\"logo\":{\"@type\":\"ImageObject\",\"inLanguage\":\"es\",\"@id\":\"https:\/\/egassist.com\/es\/#\/schema\/logo\/image\/\",\"url\":\"https:\/\/egassist.com\/wp-content\/uploads\/2025\/10\/Logo-EG-Assist-Vertical.jpg\",\"contentUrl\":\"https:\/\/egassist.com\/wp-content\/uploads\/2025\/10\/Logo-EG-Assist-Vertical.jpg\",\"width\":850,\"height\":410,\"caption\":\"EG Assist\"},\"image\":{\"@id\":\"https:\/\/egassist.com\/es\/#\/schema\/logo\/image\/\"},\"sameAs\":[\"https:\/\/www.facebook.com\/expatgroup.co\/\",\"https:\/\/www.instagram.com\/expatgroupco\/\",\"https:\/\/www.linkedin.com\/company\/expatgroupco\",\"https:\/\/www.youtube.com\/channel\/UC1S8eOLd8vXak8MGvxG15lg\"],\"description\":\"EG Insurance offers comprehensive, visa-compliant health coverage designed for your life in Colombia. We provide the market's best coverage-to-price ratio, with flexible subscription options and customizable add-ons to perfectly match your needs. Discover the benefits of being protected by the best.\",\"email\":\"insurance@expatgroup.co\",\"telephone\":\"+19547993692\",\"legalName\":\"Expatgroup.co LLC\",\"foundingDate\":\"2018-01-08\",\"numberOfEmployees\":{\"@type\":\"QuantitativeValue\",\"minValue\":\"11\",\"maxValue\":\"50\"}}]}<\/script>\n<!-- \/ Yoast SEO Premium plugin. -->","yoast_head_json":{"title":"Cont\u00e1ctanos y Obt\u00e9n Asesor\u00eda Experta sobre tu P\u00f3liza de Salud","description":"\u00bfNecesitas una asesor\u00eda personalizada para tu p\u00f3liza de salud? Cont\u00e1ctanos y nuestro equipo experto te guiar\u00e1 sobre planes y cobertura.","robots":{"index":"index","follow":"follow","max-snippet":"max-snippet:-1","max-image-preview":"max-image-preview:large","max-video-preview":"max-video-preview:-1"},"canonical":"https:\/\/egassist.com\/es\/contactanos\/","og_locale":"es_ES","og_type":"article","og_title":"Cont\u00e1ctanos y Obt\u00e9n Asesor\u00eda sobre tu P\u00f3liza y Atenci\u00f3n al Cliente","og_description":"\u00bfNecesitas una asesor\u00eda personalizada para tu p\u00f3liza de salud? Cont\u00e1ctanos y nuestro equipo experto te guiar\u00e1 sobre planes y cobertura.","og_url":"https:\/\/egassist.com\/es\/contactanos\/","og_site_name":"EG Assist","article_publisher":"https:\/\/www.facebook.com\/expatgroup.co\/","article_modified_time":"2026-03-10T22:06:23+00:00","og_image":[{"width":996,"height":712,"url":"https:\/\/egassist.com\/wp-content\/uploads\/2025\/12\/EG-Assist.webp","type":"image\/webp"}],"twitter_card":"summary_large_image","twitter_title":"Cont\u00e1ctanos","twitter_misc":{"Tiempo de lectura":"1 minuto"},"schema":{"@context":"https:\/\/schema.org","@graph":[{"@type":"WebPage","@id":"https:\/\/egassist.com\/es\/contactanos\/","url":"https:\/\/egassist.com\/es\/contactanos\/","name":"Cont\u00e1ctanos y Obt\u00e9n Asesor\u00eda Experta sobre tu P\u00f3liza de Salud","isPartOf":{"@id":"https:\/\/egassist.com\/es\/#website"},"datePublished":"2025-09-29T22:49:19+00:00","dateModified":"2026-03-10T22:06:23+00:00","description":"\u00bfNecesitas una asesor\u00eda personalizada para tu p\u00f3liza de salud? Cont\u00e1ctanos y nuestro equipo experto te guiar\u00e1 sobre planes y cobertura.","breadcrumb":{"@id":"https:\/\/egassist.com\/es\/contactanos\/#breadcrumb"},"inLanguage":"es","potentialAction":[{"@type":"ReadAction","target":["https:\/\/egassist.com\/es\/contactanos\/"]}]},{"@type":"BreadcrumbList","@id":"https:\/\/egassist.com\/es\/contactanos\/#breadcrumb","itemListElement":[{"@type":"ListItem","position":1,"name":"Home","item":"https:\/\/egassist.com\/es\/"},{"@type":"ListItem","position":2,"name":"Cont\u00e1ctanos"}]},{"@type":"WebSite","@id":"https:\/\/egassist.com\/es\/#website","url":"https:\/\/egassist.com\/es\/","name":"EG Assist","description":"Health insurance tailored for expats like you","publisher":{"@id":"https:\/\/egassist.com\/es\/#organization"},"alternateName":"EG","potentialAction":[{"@type":"SearchAction","target":{"@type":"EntryPoint","urlTemplate":"https:\/\/egassist.com\/es\/?s={search_term_string}"},"query-input":{"@type":"PropertyValueSpecification","valueRequired":true,"valueName":"search_term_string"}}],"inLanguage":"es"},{"@type":"Organization","@id":"https:\/\/egassist.com\/es\/#organization","name":"EG Assist","alternateName":"EG","url":"https:\/\/egassist.com\/es\/","logo":{"@type":"ImageObject","inLanguage":"es","@id":"https:\/\/egassist.com\/es\/#\/schema\/logo\/image\/","url":"https:\/\/egassist.com\/wp-content\/uploads\/2025\/10\/Logo-EG-Assist-Vertical.jpg","contentUrl":"https:\/\/egassist.com\/wp-content\/uploads\/2025\/10\/Logo-EG-Assist-Vertical.jpg","width":850,"height":410,"caption":"EG Assist"},"image":{"@id":"https:\/\/egassist.com\/es\/#\/schema\/logo\/image\/"},"sameAs":["https:\/\/www.facebook.com\/expatgroup.co\/","https:\/\/www.instagram.com\/expatgroupco\/","https:\/\/www.linkedin.com\/company\/expatgroupco","https:\/\/www.youtube.com\/channel\/UC1S8eOLd8vXak8MGvxG15lg"],"description":"EG Insurance offers comprehensive, visa-compliant health coverage designed for your life in Colombia. We provide the market's best coverage-to-price ratio, with flexible subscription options and customizable add-ons to perfectly match your needs. Discover the benefits of being protected by the best.","email":"insurance@expatgroup.co","telephone":"+19547993692","legalName":"Expatgroup.co LLC","foundingDate":"2018-01-08","numberOfEmployees":{"@type":"QuantitativeValue","minValue":"11","maxValue":"50"}}]}},"_links":{"self":[{"href":"https:\/\/egassist.com\/es\/wp-json\/wp\/v2\/pages\/2705","targetHints":{"allow":["GET"]}}],"collection":[{"href":"https:\/\/egassist.com\/es\/wp-json\/wp\/v2\/pages"}],"about":[{"href":"https:\/\/egassist.com\/es\/wp-json\/wp\/v2\/types\/page"}],"author":[{"embeddable":true,"href":"https:\/\/egassist.com\/es\/wp-json\/wp\/v2\/users\/1"}],"replies":[{"embeddable":true,"href":"https:\/\/egassist.com\/es\/wp-json\/wp\/v2\/comments?post=2705"}],"version-history":[{"count":7,"href":"https:\/\/egassist.com\/es\/wp-json\/wp\/v2\/pages\/2705\/revisions"}],"predecessor-version":[{"id":4506,"href":"https:\/\/egassist.com\/es\/wp-json\/wp\/v2\/pages\/2705\/revisions\/4506"}],"wp:attachment":[{"href":"https:\/\/egassist.com\/es\/wp-json\/wp\/v2\/media?parent=2705"}],"curies":[{"name":"wp","href":"https:\/\/api.w.org\/{rel}","templated":true}]}}