{"id":2614,"date":"2025-09-29T17:33:25","date_gmt":"2025-09-29T22:33:25","guid":{"rendered":"https:\/\/egassist.com\/plans\/"},"modified":"2026-03-26T14:56:44","modified_gmt":"2026-03-26T19:56:44","slug":"planes","status":"publish","type":"page","link":"https:\/\/egassist.com\/es\/planes\/","title":{"rendered":"Planes"},"content":{"rendered":"<p>En EG Assist, no creemos en la talla \u00fanica. Aprovechando nuestra experiencia, hemos elaborado planes de p\u00f3lizas de salud que se adaptan perfectamente a tu perfil, presupuesto y estilo de vida.<\/p>\n<ul>\n<li><strong>Planes para tu perfil:<\/strong> n\u00f3mada, jubilado, inversionista y m\u00e1s<\/li>\n<li><strong>Selecciona tu nivel:<\/strong> Cobertura esencial o Pro<\/li>\n<li><strong>Cobertura hasta los 85 a\u00f1os<\/strong><\/li>\n<\/ul>\n","protected":false},"excerpt":{"rendered":"<p>En EG Assist, no creemos en la talla \u00fanica. Aprovechando nuestra experiencia, hemos elaborado planes de p\u00f3lizas de salud que se adaptan perfectamente a tu perfil, presupuesto y estilo de vida. Planes para tu perfil: n\u00f3mada, jubilado, inversionista y m\u00e1s Selecciona tu nivel: Cobertura esencial o Pro Cobertura hasta los 85 a\u00f1os<\/p>\n","protected":false},"author":1,"featured_media":2613,"parent":0,"menu_order":10,"comment_status":"closed","ping_status":"closed","template":"","meta":{"_acf_changed":false,"inline_featured_image":false,"footnotes":""},"class_list":["post-2614","page","type-page","status-publish","has-post-thumbnail","hentry"],"acf":[],"yoast_head":"<!-- This site is optimized with the Yoast SEO Premium plugin v26.3 (Yoast SEO v27.0) - https:\/\/yoast.com\/product\/yoast-seo-premium-wordpress\/ -->\n<title>Comprar p\u00f3liza de salud para expatriados en Colombia | EG Assist<\/title>\n<meta name=\"description\" content=\"Encuentra la p\u00f3liza de salud perfecta para tu nueva vida en Colombia. Aseg\u00farate el visado con los planes especializados EG Assist.\" \/>\n<meta name=\"robots\" content=\"index, follow, max-snippet:-1, max-image-preview:large, max-video-preview:-1\" \/>\n<link rel=\"canonical\" href=\"https:\/\/egassist.com\/es\/planes\/\" \/>\n<meta property=\"og:locale\" content=\"es_ES\" \/>\n<meta property=\"og:type\" content=\"article\" \/>\n<meta property=\"og:title\" content=\"Comprar p\u00f3liza de salud para expatriados en Colombia | EG Assist\" \/>\n<meta property=\"og:description\" content=\"Encuentra la p\u00f3liza de salud perfecta para tu nueva vida en Colombia. Asegura tu visa con los planes especializados de EG Insurance.\" \/>\n<meta property=\"og:url\" content=\"https:\/\/egassist.com\/es\/planes\/\" \/>\n<meta property=\"og:site_name\" content=\"EG Assist\" \/>\n<meta property=\"article:publisher\" content=\"https:\/\/www.facebook.com\/expatgroup.co\/\" \/>\n<meta property=\"article:modified_time\" content=\"2026-03-26T19:56:44+00:00\" \/>\n<meta property=\"og:image\" content=\"https:\/\/egassist.com\/wp-content\/uploads\/2026\/03\/Polizas-de-salud.webp\" \/>\n\t<meta property=\"og:image:width\" content=\"996\" \/>\n\t<meta property=\"og:image:height\" content=\"712\" \/>\n\t<meta property=\"og:image:type\" content=\"image\/webp\" \/>\n<meta name=\"twitter:card\" content=\"summary_large_image\" \/>\n<meta name=\"twitter:title\" content=\"Planes\" \/>\n<meta name=\"twitter:label1\" content=\"Tiempo de lectura\" \/>\n\t<meta name=\"twitter:data1\" content=\"1 minuto\" \/>\n<script type=\"application\/ld+json\" class=\"yoast-schema-graph\">{\"@context\":\"https:\/\/schema.org\",\"@graph\":[{\"@type\":\"WebPage\",\"@id\":\"https:\/\/egassist.com\/es\/planes\/\",\"url\":\"https:\/\/egassist.com\/es\/planes\/\",\"name\":\"Comprar p\u00f3liza de salud para expatriados en Colombia | EG Assist\",\"isPartOf\":{\"@id\":\"https:\/\/egassist.com\/es\/#website\"},\"primaryImageOfPage\":{\"@id\":\"https:\/\/egassist.com\/es\/planes\/#primaryimage\"},\"image\":{\"@id\":\"https:\/\/egassist.com\/es\/planes\/#primaryimage\"},\"thumbnailUrl\":\"https:\/\/egassist.com\/wp-content\/uploads\/2025\/10\/hero-plans.png\",\"datePublished\":\"2025-09-29T22:33:25+00:00\",\"dateModified\":\"2026-03-26T19:56:44+00:00\",\"description\":\"Encuentra la p\u00f3liza de salud perfecta para tu nueva vida en Colombia. Aseg\u00farate el visado con los planes especializados EG Assist.\",\"breadcrumb\":{\"@id\":\"https:\/\/egassist.com\/es\/planes\/#breadcrumb\"},\"inLanguage\":\"es\",\"potentialAction\":[{\"@type\":\"ReadAction\",\"target\":[\"https:\/\/egassist.com\/es\/planes\/\"]}]},{\"@type\":\"ImageObject\",\"inLanguage\":\"es\",\"@id\":\"https:\/\/egassist.com\/es\/planes\/#primaryimage\",\"url\":\"https:\/\/egassist.com\/wp-content\/uploads\/2025\/10\/hero-plans.png\",\"contentUrl\":\"https:\/\/egassist.com\/wp-content\/uploads\/2025\/10\/hero-plans.png\",\"width\":1920,\"height\":1105},{\"@type\":\"BreadcrumbList\",\"@id\":\"https:\/\/egassist.com\/es\/planes\/#breadcrumb\",\"itemListElement\":[{\"@type\":\"ListItem\",\"position\":1,\"name\":\"Home\",\"item\":\"https:\/\/egassist.com\/es\/\"},{\"@type\":\"ListItem\",\"position\":2,\"name\":\"Planes\"}]},{\"@type\":\"WebSite\",\"@id\":\"https:\/\/egassist.com\/es\/#website\",\"url\":\"https:\/\/egassist.com\/es\/\",\"name\":\"EG Assist\",\"description\":\"Health insurance tailored for expats like you\",\"publisher\":{\"@id\":\"https:\/\/egassist.com\/es\/#organization\"},\"alternateName\":\"EG\",\"potentialAction\":[{\"@type\":\"SearchAction\",\"target\":{\"@type\":\"EntryPoint\",\"urlTemplate\":\"https:\/\/egassist.com\/es\/?s={search_term_string}\"},\"query-input\":{\"@type\":\"PropertyValueSpecification\",\"valueRequired\":true,\"valueName\":\"search_term_string\"}}],\"inLanguage\":\"es\"},{\"@type\":\"Organization\",\"@id\":\"https:\/\/egassist.com\/es\/#organization\",\"name\":\"EG Assist\",\"alternateName\":\"EG\",\"url\":\"https:\/\/egassist.com\/es\/\",\"logo\":{\"@type\":\"ImageObject\",\"inLanguage\":\"es\",\"@id\":\"https:\/\/egassist.com\/es\/#\/schema\/logo\/image\/\",\"url\":\"https:\/\/egassist.com\/wp-content\/uploads\/2025\/10\/Logo-EG-Assist-Vertical.jpg\",\"contentUrl\":\"https:\/\/egassist.com\/wp-content\/uploads\/2025\/10\/Logo-EG-Assist-Vertical.jpg\",\"width\":850,\"height\":410,\"caption\":\"EG Assist\"},\"image\":{\"@id\":\"https:\/\/egassist.com\/es\/#\/schema\/logo\/image\/\"},\"sameAs\":[\"https:\/\/www.facebook.com\/expatgroup.co\/\",\"https:\/\/www.instagram.com\/expatgroupco\/\",\"https:\/\/www.linkedin.com\/company\/expatgroupco\",\"https:\/\/www.youtube.com\/channel\/UC1S8eOLd8vXak8MGvxG15lg\"],\"description\":\"EG Insurance offers comprehensive, visa-compliant health coverage designed for your life in Colombia. We provide the market's best coverage-to-price ratio, with flexible subscription options and customizable add-ons to perfectly match your needs. Discover the benefits of being protected by the best.\",\"email\":\"insurance@expatgroup.co\",\"telephone\":\"+19547993692\",\"legalName\":\"Expatgroup.co LLC\",\"foundingDate\":\"2018-01-08\",\"numberOfEmployees\":{\"@type\":\"QuantitativeValue\",\"minValue\":\"11\",\"maxValue\":\"50\"}}]}<\/script>\n<!-- \/ Yoast SEO Premium plugin. -->","yoast_head_json":{"title":"Comprar p\u00f3liza de salud para expatriados en Colombia | EG Assist","description":"Encuentra la p\u00f3liza de salud perfecta para tu nueva vida en Colombia. Aseg\u00farate el visado con los planes especializados EG Assist.","robots":{"index":"index","follow":"follow","max-snippet":"max-snippet:-1","max-image-preview":"max-image-preview:large","max-video-preview":"max-video-preview:-1"},"canonical":"https:\/\/egassist.com\/es\/planes\/","og_locale":"es_ES","og_type":"article","og_title":"Comprar p\u00f3liza de salud para expatriados en Colombia | EG Assist","og_description":"Encuentra la p\u00f3liza de salud perfecta para tu nueva vida en Colombia. Asegura tu visa con los planes especializados de EG Insurance.","og_url":"https:\/\/egassist.com\/es\/planes\/","og_site_name":"EG Assist","article_publisher":"https:\/\/www.facebook.com\/expatgroup.co\/","article_modified_time":"2026-03-26T19:56:44+00:00","og_image":[{"width":996,"height":712,"url":"https:\/\/egassist.com\/wp-content\/uploads\/2026\/03\/Polizas-de-salud.webp","type":"image\/webp"}],"twitter_card":"summary_large_image","twitter_title":"Planes","twitter_misc":{"Tiempo de lectura":"1 minuto"},"schema":{"@context":"https:\/\/schema.org","@graph":[{"@type":"WebPage","@id":"https:\/\/egassist.com\/es\/planes\/","url":"https:\/\/egassist.com\/es\/planes\/","name":"Comprar p\u00f3liza de salud para expatriados en Colombia | EG Assist","isPartOf":{"@id":"https:\/\/egassist.com\/es\/#website"},"primaryImageOfPage":{"@id":"https:\/\/egassist.com\/es\/planes\/#primaryimage"},"image":{"@id":"https:\/\/egassist.com\/es\/planes\/#primaryimage"},"thumbnailUrl":"https:\/\/egassist.com\/wp-content\/uploads\/2025\/10\/hero-plans.png","datePublished":"2025-09-29T22:33:25+00:00","dateModified":"2026-03-26T19:56:44+00:00","description":"Encuentra la p\u00f3liza de salud perfecta para tu nueva vida en Colombia. Aseg\u00farate el visado con los planes especializados EG Assist.","breadcrumb":{"@id":"https:\/\/egassist.com\/es\/planes\/#breadcrumb"},"inLanguage":"es","potentialAction":[{"@type":"ReadAction","target":["https:\/\/egassist.com\/es\/planes\/"]}]},{"@type":"ImageObject","inLanguage":"es","@id":"https:\/\/egassist.com\/es\/planes\/#primaryimage","url":"https:\/\/egassist.com\/wp-content\/uploads\/2025\/10\/hero-plans.png","contentUrl":"https:\/\/egassist.com\/wp-content\/uploads\/2025\/10\/hero-plans.png","width":1920,"height":1105},{"@type":"BreadcrumbList","@id":"https:\/\/egassist.com\/es\/planes\/#breadcrumb","itemListElement":[{"@type":"ListItem","position":1,"name":"Home","item":"https:\/\/egassist.com\/es\/"},{"@type":"ListItem","position":2,"name":"Planes"}]},{"@type":"WebSite","@id":"https:\/\/egassist.com\/es\/#website","url":"https:\/\/egassist.com\/es\/","name":"EG Assist","description":"Health insurance tailored for expats like you","publisher":{"@id":"https:\/\/egassist.com\/es\/#organization"},"alternateName":"EG","potentialAction":[{"@type":"SearchAction","target":{"@type":"EntryPoint","urlTemplate":"https:\/\/egassist.com\/es\/?s={search_term_string}"},"query-input":{"@type":"PropertyValueSpecification","valueRequired":true,"valueName":"search_term_string"}}],"inLanguage":"es"},{"@type":"Organization","@id":"https:\/\/egassist.com\/es\/#organization","name":"EG Assist","alternateName":"EG","url":"https:\/\/egassist.com\/es\/","logo":{"@type":"ImageObject","inLanguage":"es","@id":"https:\/\/egassist.com\/es\/#\/schema\/logo\/image\/","url":"https:\/\/egassist.com\/wp-content\/uploads\/2025\/10\/Logo-EG-Assist-Vertical.jpg","contentUrl":"https:\/\/egassist.com\/wp-content\/uploads\/2025\/10\/Logo-EG-Assist-Vertical.jpg","width":850,"height":410,"caption":"EG Assist"},"image":{"@id":"https:\/\/egassist.com\/es\/#\/schema\/logo\/image\/"},"sameAs":["https:\/\/www.facebook.com\/expatgroup.co\/","https:\/\/www.instagram.com\/expatgroupco\/","https:\/\/www.linkedin.com\/company\/expatgroupco","https:\/\/www.youtube.com\/channel\/UC1S8eOLd8vXak8MGvxG15lg"],"description":"EG Insurance offers comprehensive, visa-compliant health coverage designed for your life in Colombia. We provide the market's best coverage-to-price ratio, with flexible subscription options and customizable add-ons to perfectly match your needs. Discover the benefits of being protected by the best.","email":"insurance@expatgroup.co","telephone":"+19547993692","legalName":"Expatgroup.co LLC","foundingDate":"2018-01-08","numberOfEmployees":{"@type":"QuantitativeValue","minValue":"11","maxValue":"50"}}]}},"_links":{"self":[{"href":"https:\/\/egassist.com\/es\/wp-json\/wp\/v2\/pages\/2614","targetHints":{"allow":["GET"]}}],"collection":[{"href":"https:\/\/egassist.com\/es\/wp-json\/wp\/v2\/pages"}],"about":[{"href":"https:\/\/egassist.com\/es\/wp-json\/wp\/v2\/types\/page"}],"author":[{"embeddable":true,"href":"https:\/\/egassist.com\/es\/wp-json\/wp\/v2\/users\/1"}],"replies":[{"embeddable":true,"href":"https:\/\/egassist.com\/es\/wp-json\/wp\/v2\/comments?post=2614"}],"version-history":[{"count":8,"href":"https:\/\/egassist.com\/es\/wp-json\/wp\/v2\/pages\/2614\/revisions"}],"predecessor-version":[{"id":4415,"href":"https:\/\/egassist.com\/es\/wp-json\/wp\/v2\/pages\/2614\/revisions\/4415"}],"wp:featuredmedia":[{"embeddable":true,"href":"https:\/\/egassist.com\/es\/wp-json\/wp\/v2\/media\/2613"}],"wp:attachment":[{"href":"https:\/\/egassist.com\/es\/wp-json\/wp\/v2\/media?parent=2614"}],"curies":[{"name":"wp","href":"https:\/\/api.w.org\/{rel}","templated":true}]}}