{"id":2612,"date":"2025-09-24T09:11:51","date_gmt":"2025-09-24T14:11:51","guid":{"rendered":"https:\/\/egassist.com\/inicio\/"},"modified":"2026-03-30T09:57:20","modified_gmt":"2026-03-30T14:57:20","slug":"inicio","status":"publish","type":"page","link":"https:\/\/egassist.com\/es\/","title":{"rendered":"Inicio"},"content":{"rendered":"","protected":false},"excerpt":{"rendered":"","protected":false},"author":1,"featured_media":0,"parent":0,"menu_order":0,"comment_status":"closed","ping_status":"closed","template":"","meta":{"_acf_changed":false,"inline_featured_image":false,"footnotes":""},"class_list":["post-2612","page","type-page","status-publish","hentry"],"acf":[],"yoast_head":"<!-- This site is optimized with the Yoast SEO Premium plugin v26.3 (Yoast SEO v27.0) - https:\/\/yoast.com\/product\/yoast-seo-premium-wordpress\/ -->\n<title>Obt\u00e9n la Mejor P\u00f3liza de Salud en Colombia con EG Assist<\/title>\n<meta name=\"description\" content=\"Obt\u00e9n una cobertura de p\u00f3liza de salud total, adaptada a tu vida en Colombia. \u00a1Compara planes, cotiza en l\u00ednea y asegura tu tranquilidad con EG Assist!\" \/>\n<meta name=\"robots\" content=\"index, follow, max-snippet:-1, max-image-preview:large, max-video-preview:-1\" \/>\n<link rel=\"canonical\" href=\"https:\/\/egassist.com\/es\/\" \/>\n<meta property=\"og:locale\" content=\"es_ES\" \/>\n<meta property=\"og:type\" content=\"article\" \/>\n<meta property=\"og:title\" content=\"Obt\u00e9n la Mejor P\u00f3liza de Salud en Colombia con EG Assist\" \/>\n<meta property=\"og:description\" content=\"Obt\u00e9n una cobertura de p\u00f3liza de salud total, adaptada a tu vida en Colombia. \u00a1Compara planes, cotiza en l\u00ednea y asegura tu tranquilidad con EG Assist!\" \/>\n<meta property=\"og:url\" content=\"https:\/\/egassist.com\/es\/\" \/>\n<meta property=\"og:site_name\" content=\"EG Assist\" \/>\n<meta property=\"article:publisher\" content=\"https:\/\/www.facebook.com\/expatgroup.co\/\" \/>\n<meta property=\"article:modified_time\" content=\"2026-03-30T14:57:20+00:00\" \/>\n<meta property=\"og:image\" content=\"https:\/\/egassist.com\/wp-content\/uploads\/2025\/12\/EG-Assist.webp\" \/>\n<meta name=\"twitter:card\" content=\"summary_large_image\" \/>\n<meta name=\"twitter:title\" content=\"Inicio\" \/>\n<script type=\"application\/ld+json\" class=\"yoast-schema-graph\">{\"@context\":\"https:\/\/schema.org\",\"@graph\":[{\"@type\":\"WebPage\",\"@id\":\"https:\/\/egassist.com\/es\/\",\"url\":\"https:\/\/egassist.com\/es\/\",\"name\":\"Obt\u00e9n la Mejor P\u00f3liza de Salud en Colombia con EG Assist\",\"isPartOf\":{\"@id\":\"https:\/\/egassist.com\/es\/#website\"},\"datePublished\":\"2025-09-24T14:11:51+00:00\",\"dateModified\":\"2026-03-30T14:57:20+00:00\",\"description\":\"Obt\u00e9n una cobertura de p\u00f3liza de salud total, adaptada a tu vida en Colombia. \u00a1Compara planes, cotiza en l\u00ednea y asegura tu tranquilidad con EG Assist!\",\"breadcrumb\":{\"@id\":\"https:\/\/egassist.com\/es\/#breadcrumb\"},\"inLanguage\":\"es\",\"potentialAction\":[{\"@type\":\"ReadAction\",\"target\":[\"https:\/\/egassist.com\/es\/\"]}]},{\"@type\":\"BreadcrumbList\",\"@id\":\"https:\/\/egassist.com\/es\/#breadcrumb\",\"itemListElement\":[{\"@type\":\"ListItem\",\"position\":1,\"name\":\"Home\",\"item\":\"https:\/\/egassist.com\/es\/\"},{\"@type\":\"ListItem\",\"position\":2,\"name\":\"Inicio\"}]},{\"@type\":\"WebSite\",\"@id\":\"https:\/\/egassist.com\/es\/#website\",\"url\":\"https:\/\/egassist.com\/es\/\",\"name\":\"EG Assist\",\"description\":\"Health insurance tailored for expats like you\",\"publisher\":{\"@id\":\"https:\/\/egassist.com\/es\/#organization\"},\"alternateName\":\"EG\",\"potentialAction\":[{\"@type\":\"SearchAction\",\"target\":{\"@type\":\"EntryPoint\",\"urlTemplate\":\"https:\/\/egassist.com\/es\/?s={search_term_string}\"},\"query-input\":{\"@type\":\"PropertyValueSpecification\",\"valueRequired\":true,\"valueName\":\"search_term_string\"}}],\"inLanguage\":\"es\"},{\"@type\":\"Organization\",\"@id\":\"https:\/\/egassist.com\/es\/#organization\",\"name\":\"EG Assist\",\"alternateName\":\"EG\",\"url\":\"https:\/\/egassist.com\/es\/\",\"logo\":{\"@type\":\"ImageObject\",\"inLanguage\":\"es\",\"@id\":\"https:\/\/egassist.com\/es\/#\/schema\/logo\/image\/\",\"url\":\"https:\/\/egassist.com\/wp-content\/uploads\/2025\/10\/Logo-EG-Assist-Vertical.jpg\",\"contentUrl\":\"https:\/\/egassist.com\/wp-content\/uploads\/2025\/10\/Logo-EG-Assist-Vertical.jpg\",\"width\":850,\"height\":410,\"caption\":\"EG Assist\"},\"image\":{\"@id\":\"https:\/\/egassist.com\/es\/#\/schema\/logo\/image\/\"},\"sameAs\":[\"https:\/\/www.facebook.com\/expatgroup.co\/\",\"https:\/\/www.instagram.com\/expatgroupco\/\",\"https:\/\/www.linkedin.com\/company\/expatgroupco\",\"https:\/\/www.youtube.com\/channel\/UC1S8eOLd8vXak8MGvxG15lg\"],\"description\":\"EG Insurance offers comprehensive, visa-compliant health coverage designed for your life in Colombia. We provide the market's best coverage-to-price ratio, with flexible subscription options and customizable add-ons to perfectly match your needs. Discover the benefits of being protected by the best.\",\"email\":\"insurance@expatgroup.co\",\"telephone\":\"+19547993692\",\"legalName\":\"Expatgroup.co LLC\",\"foundingDate\":\"2018-01-08\",\"numberOfEmployees\":{\"@type\":\"QuantitativeValue\",\"minValue\":\"11\",\"maxValue\":\"50\"}}]}<\/script>\n<!-- \/ Yoast SEO Premium plugin. -->","yoast_head_json":{"title":"Obt\u00e9n la Mejor P\u00f3liza de Salud en Colombia con EG Assist","description":"Obt\u00e9n una cobertura de p\u00f3liza de salud total, adaptada a tu vida en Colombia. \u00a1Compara planes, cotiza en l\u00ednea y asegura tu tranquilidad con EG Assist!","robots":{"index":"index","follow":"follow","max-snippet":"max-snippet:-1","max-image-preview":"max-image-preview:large","max-video-preview":"max-video-preview:-1"},"canonical":"https:\/\/egassist.com\/es\/","og_locale":"es_ES","og_type":"article","og_title":"Obt\u00e9n la Mejor P\u00f3liza de Salud en Colombia con EG Assist","og_description":"Obt\u00e9n una cobertura de p\u00f3liza de salud total, adaptada a tu vida en Colombia. \u00a1Compara planes, cotiza en l\u00ednea y asegura tu tranquilidad con EG Assist!","og_url":"https:\/\/egassist.com\/es\/","og_site_name":"EG Assist","article_publisher":"https:\/\/www.facebook.com\/expatgroup.co\/","article_modified_time":"2026-03-30T14:57:20+00:00","og_image":[{"url":"https:\/\/egassist.com\/wp-content\/uploads\/2025\/12\/EG-Assist.webp","type":"","width":"","height":""}],"twitter_card":"summary_large_image","twitter_title":"Inicio","schema":{"@context":"https:\/\/schema.org","@graph":[{"@type":"WebPage","@id":"https:\/\/egassist.com\/es\/","url":"https:\/\/egassist.com\/es\/","name":"Obt\u00e9n la Mejor P\u00f3liza de Salud en Colombia con EG Assist","isPartOf":{"@id":"https:\/\/egassist.com\/es\/#website"},"datePublished":"2025-09-24T14:11:51+00:00","dateModified":"2026-03-30T14:57:20+00:00","description":"Obt\u00e9n una cobertura de p\u00f3liza de salud total, adaptada a tu vida en Colombia. \u00a1Compara planes, cotiza en l\u00ednea y asegura tu tranquilidad con EG Assist!","breadcrumb":{"@id":"https:\/\/egassist.com\/es\/#breadcrumb"},"inLanguage":"es","potentialAction":[{"@type":"ReadAction","target":["https:\/\/egassist.com\/es\/"]}]},{"@type":"BreadcrumbList","@id":"https:\/\/egassist.com\/es\/#breadcrumb","itemListElement":[{"@type":"ListItem","position":1,"name":"Home","item":"https:\/\/egassist.com\/es\/"},{"@type":"ListItem","position":2,"name":"Inicio"}]},{"@type":"WebSite","@id":"https:\/\/egassist.com\/es\/#website","url":"https:\/\/egassist.com\/es\/","name":"EG Assist","description":"Health insurance tailored for expats like you","publisher":{"@id":"https:\/\/egassist.com\/es\/#organization"},"alternateName":"EG","potentialAction":[{"@type":"SearchAction","target":{"@type":"EntryPoint","urlTemplate":"https:\/\/egassist.com\/es\/?s={search_term_string}"},"query-input":{"@type":"PropertyValueSpecification","valueRequired":true,"valueName":"search_term_string"}}],"inLanguage":"es"},{"@type":"Organization","@id":"https:\/\/egassist.com\/es\/#organization","name":"EG Assist","alternateName":"EG","url":"https:\/\/egassist.com\/es\/","logo":{"@type":"ImageObject","inLanguage":"es","@id":"https:\/\/egassist.com\/es\/#\/schema\/logo\/image\/","url":"https:\/\/egassist.com\/wp-content\/uploads\/2025\/10\/Logo-EG-Assist-Vertical.jpg","contentUrl":"https:\/\/egassist.com\/wp-content\/uploads\/2025\/10\/Logo-EG-Assist-Vertical.jpg","width":850,"height":410,"caption":"EG Assist"},"image":{"@id":"https:\/\/egassist.com\/es\/#\/schema\/logo\/image\/"},"sameAs":["https:\/\/www.facebook.com\/expatgroup.co\/","https:\/\/www.instagram.com\/expatgroupco\/","https:\/\/www.linkedin.com\/company\/expatgroupco","https:\/\/www.youtube.com\/channel\/UC1S8eOLd8vXak8MGvxG15lg"],"description":"EG Insurance offers comprehensive, visa-compliant health coverage designed for your life in Colombia. We provide the market's best coverage-to-price ratio, with flexible subscription options and customizable add-ons to perfectly match your needs. Discover the benefits of being protected by the best.","email":"insurance@expatgroup.co","telephone":"+19547993692","legalName":"Expatgroup.co LLC","foundingDate":"2018-01-08","numberOfEmployees":{"@type":"QuantitativeValue","minValue":"11","maxValue":"50"}}]}},"_links":{"self":[{"href":"https:\/\/egassist.com\/es\/wp-json\/wp\/v2\/pages\/2612","targetHints":{"allow":["GET"]}}],"collection":[{"href":"https:\/\/egassist.com\/es\/wp-json\/wp\/v2\/pages"}],"about":[{"href":"https:\/\/egassist.com\/es\/wp-json\/wp\/v2\/types\/page"}],"author":[{"embeddable":true,"href":"https:\/\/egassist.com\/es\/wp-json\/wp\/v2\/users\/1"}],"replies":[{"embeddable":true,"href":"https:\/\/egassist.com\/es\/wp-json\/wp\/v2\/comments?post=2612"}],"version-history":[{"count":10,"href":"https:\/\/egassist.com\/es\/wp-json\/wp\/v2\/pages\/2612\/revisions"}],"predecessor-version":[{"id":4641,"href":"https:\/\/egassist.com\/es\/wp-json\/wp\/v2\/pages\/2612\/revisions\/4641"}],"wp:attachment":[{"href":"https:\/\/egassist.com\/es\/wp-json\/wp\/v2\/media?parent=2612"}],"curies":[{"name":"wp","href":"https:\/\/api.w.org\/{rel}","templated":true}]}}